{"id":64,"date":"2024-08-29T20:45:18","date_gmt":"2024-08-29T20:45:18","guid":{"rendered":"http:\/\/ramensky.dzudzylo.cx.ua\/?post_type=product&#038;p=64"},"modified":"2025-02-27T19:31:24","modified_gmt":"2025-02-27T18:31:24","slug":"ramen-2","status":"publish","type":"product","link":"https:\/\/ramensky.pl\/en\/product\/ramen-2\/","title":{"rendered":"RAMEN 2 mm 20 porcji"},"content":{"rendered":"<p>Thicker noodles, typically used for <strong>clear broths<\/strong>.<br \/>\n<strong>Portion:<\/strong> ~140 g.<br \/>\n<strong>Hydration:<\/strong> ~36%<br \/>\n<strong>Cooking time:<\/strong> 105-150 sekund<br \/>\n<strong>Quantity in package:<\/strong> 20 portions<\/p>","protected":false},"excerpt":{"rendered":"<p>Grubszy makaron, z regu\u0142y stosowany do klarownych bulion\u00f3w. Porcja: ~140 g. Hydracja: ~36% Czas gotowania: 105-150 sekund Ilo\u015b\u0107 w opakowaniu: 20 porcji<\/p>","protected":false},"featured_media":292,"comment_status":"open","ping_status":"closed","template":"","meta":{"_acf_changed":false},"product_brand":[],"product_cat":[17],"product_tag":[],"class_list":{"0":"post-64","1":"product","2":"type-product","3":"status-publish","4":"has-post-thumbnail","6":"product_cat-misc","8":"first","9":"instock","10":"taxable","11":"shipping-taxable","12":"purchasable","13":"product-type-simple"},"acf":[],"yoast_head":"<!-- This site is optimized with the Yoast SEO plugin v25.5 - https:\/\/yoast.com\/wordpress\/plugins\/seo\/ -->\n<title>RAMEN 2 mm 20 porcji - Ramensky Noodle<\/title>\n<meta name=\"robots\" content=\"index, follow, max-snippet:-1, max-image-preview:large, max-video-preview:-1\" \/>\n<link rel=\"canonical\" href=\"https:\/\/ramensky.pl\/en\/product\/ramen-2\/\" \/>\n<meta property=\"og:locale\" content=\"en_US\" \/>\n<meta property=\"og:type\" content=\"article\" \/>\n<meta property=\"og:title\" content=\"RAMEN 2 mm 20 porcji - Ramensky Noodle\" \/>\n<meta property=\"og:description\" content=\"Grubszy makaron, z regu\u0142y stosowany do klarownych bulion\u00f3w. Porcja: ~140 g. Hydracja: ~36% Czas gotowania: 105-150 sekund Ilo\u015b\u0107 w opakowaniu: 20 porcji\" \/>\n<meta property=\"og:url\" content=\"https:\/\/ramensky.pl\/en\/product\/ramen-2\/\" \/>\n<meta property=\"og:site_name\" content=\"Ramensky Noodle\" \/>\n<meta property=\"article:modified_time\" content=\"2025-02-27T18:31:24+00:00\" \/>\n<meta property=\"og:image\" content=\"https:\/\/ramensky.pl\/wp-content\/uploads\/2024\/08\/IMG_20241007_002607_457-scaled.jpg\" \/>\n\t<meta property=\"og:image:width\" content=\"1926\" \/>\n\t<meta property=\"og:image:height\" content=\"2560\" \/>\n\t<meta property=\"og:image:type\" content=\"image\/jpeg\" \/>\n<meta name=\"twitter:card\" content=\"summary_large_image\" \/>\n<meta name=\"twitter:label1\" content=\"Est. reading time\" \/>\n\t<meta name=\"twitter:data1\" content=\"1 minute\" \/>\n<script type=\"application\/ld+json\" class=\"yoast-schema-graph\">{\"@context\":\"https:\/\/schema.org\",\"@graph\":[{\"@type\":\"WebPage\",\"@id\":\"https:\/\/ramensky.pl\/produkt\/ramen-2\/\",\"url\":\"https:\/\/ramensky.pl\/produkt\/ramen-2\/\",\"name\":\"RAMEN 2 mm 20 porcji - Ramensky Noodle\",\"isPartOf\":{\"@id\":\"http:\/\/ramensky.pl\/#website\"},\"primaryImageOfPage\":{\"@id\":\"https:\/\/ramensky.pl\/produkt\/ramen-2\/#primaryimage\"},\"image\":{\"@id\":\"https:\/\/ramensky.pl\/produkt\/ramen-2\/#primaryimage\"},\"thumbnailUrl\":\"https:\/\/ramensky.pl\/wp-content\/uploads\/2024\/08\/IMG_20241007_002607_457-scaled.jpg\",\"datePublished\":\"2024-08-29T20:45:18+00:00\",\"dateModified\":\"2025-02-27T18:31:24+00:00\",\"breadcrumb\":{\"@id\":\"https:\/\/ramensky.pl\/produkt\/ramen-2\/#breadcrumb\"},\"inLanguage\":\"en-US\",\"potentialAction\":[{\"@type\":\"ReadAction\",\"target\":[\"https:\/\/ramensky.pl\/produkt\/ramen-2\/\"]}]},{\"@type\":\"ImageObject\",\"inLanguage\":\"en-US\",\"@id\":\"https:\/\/ramensky.pl\/produkt\/ramen-2\/#primaryimage\",\"url\":\"https:\/\/ramensky.pl\/wp-content\/uploads\/2024\/08\/IMG_20241007_002607_457-scaled.jpg\",\"contentUrl\":\"https:\/\/ramensky.pl\/wp-content\/uploads\/2024\/08\/IMG_20241007_002607_457-scaled.jpg\",\"width\":1926,\"height\":2560},{\"@type\":\"BreadcrumbList\",\"@id\":\"https:\/\/ramensky.pl\/produkt\/ramen-2\/#breadcrumb\",\"itemListElement\":[{\"@type\":\"ListItem\",\"position\":1,\"name\":\"Strona g\u0142\u00f3wna\",\"item\":\"http:\/\/ramensky.pl\/\"},{\"@type\":\"ListItem\",\"position\":2,\"name\":\"RAMEN 2 mm 20 porcji\"}]},{\"@type\":\"WebSite\",\"@id\":\"http:\/\/ramensky.pl\/#website\",\"url\":\"http:\/\/ramensky.pl\/\",\"name\":\"Ramensky Noodle\",\"description\":\"Robimy makaron ramen i nie tylko\",\"potentialAction\":[{\"@type\":\"SearchAction\",\"target\":{\"@type\":\"EntryPoint\",\"urlTemplate\":\"http:\/\/ramensky.pl\/?s={search_term_string}\"},\"query-input\":{\"@type\":\"PropertyValueSpecification\",\"valueRequired\":true,\"valueName\":\"search_term_string\"}}],\"inLanguage\":\"en-US\"}]}<\/script>\n<!-- \/ Yoast SEO plugin. -->","yoast_head_json":{"title":"RAMEN 2 mm 20 porcji - Ramensky Noodle","robots":{"index":"index","follow":"follow","max-snippet":"max-snippet:-1","max-image-preview":"max-image-preview:large","max-video-preview":"max-video-preview:-1"},"canonical":"https:\/\/ramensky.pl\/en\/product\/ramen-2\/","og_locale":"en_US","og_type":"article","og_title":"RAMEN 2 mm 20 porcji - Ramensky Noodle","og_description":"Grubszy makaron, z regu\u0142y stosowany do klarownych bulion\u00f3w. Porcja: ~140 g. Hydracja: ~36% Czas gotowania: 105-150 sekund Ilo\u015b\u0107 w opakowaniu: 20 porcji","og_url":"https:\/\/ramensky.pl\/en\/product\/ramen-2\/","og_site_name":"Ramensky Noodle","article_modified_time":"2025-02-27T18:31:24+00:00","og_image":[{"width":1926,"height":2560,"url":"https:\/\/ramensky.pl\/wp-content\/uploads\/2024\/08\/IMG_20241007_002607_457-scaled.jpg","type":"image\/jpeg"}],"twitter_card":"summary_large_image","twitter_misc":{"Est. reading time":"1 minute"},"schema":{"@context":"https:\/\/schema.org","@graph":[{"@type":"WebPage","@id":"https:\/\/ramensky.pl\/produkt\/ramen-2\/","url":"https:\/\/ramensky.pl\/produkt\/ramen-2\/","name":"RAMEN 2 mm 20 porcji - Ramensky Noodle","isPartOf":{"@id":"http:\/\/ramensky.pl\/#website"},"primaryImageOfPage":{"@id":"https:\/\/ramensky.pl\/produkt\/ramen-2\/#primaryimage"},"image":{"@id":"https:\/\/ramensky.pl\/produkt\/ramen-2\/#primaryimage"},"thumbnailUrl":"https:\/\/ramensky.pl\/wp-content\/uploads\/2024\/08\/IMG_20241007_002607_457-scaled.jpg","datePublished":"2024-08-29T20:45:18+00:00","dateModified":"2025-02-27T18:31:24+00:00","breadcrumb":{"@id":"https:\/\/ramensky.pl\/produkt\/ramen-2\/#breadcrumb"},"inLanguage":"en-US","potentialAction":[{"@type":"ReadAction","target":["https:\/\/ramensky.pl\/produkt\/ramen-2\/"]}]},{"@type":"ImageObject","inLanguage":"en-US","@id":"https:\/\/ramensky.pl\/produkt\/ramen-2\/#primaryimage","url":"https:\/\/ramensky.pl\/wp-content\/uploads\/2024\/08\/IMG_20241007_002607_457-scaled.jpg","contentUrl":"https:\/\/ramensky.pl\/wp-content\/uploads\/2024\/08\/IMG_20241007_002607_457-scaled.jpg","width":1926,"height":2560},{"@type":"BreadcrumbList","@id":"https:\/\/ramensky.pl\/produkt\/ramen-2\/#breadcrumb","itemListElement":[{"@type":"ListItem","position":1,"name":"Strona g\u0142\u00f3wna","item":"http:\/\/ramensky.pl\/"},{"@type":"ListItem","position":2,"name":"RAMEN 2 mm 20 porcji"}]},{"@type":"WebSite","@id":"http:\/\/ramensky.pl\/#website","url":"http:\/\/ramensky.pl\/","name":"Ramensky Noodle","description":"Robimy makaron ramen i nie tylko","potentialAction":[{"@type":"SearchAction","target":{"@type":"EntryPoint","urlTemplate":"http:\/\/ramensky.pl\/?s={search_term_string}"},"query-input":{"@type":"PropertyValueSpecification","valueRequired":true,"valueName":"search_term_string"}}],"inLanguage":"en-US"}]}},"jetpack_sharing_enabled":true,"_links":{"self":[{"href":"https:\/\/ramensky.pl\/en\/wp-json\/wp\/v2\/product\/64","targetHints":{"allow":["GET"]}}],"collection":[{"href":"https:\/\/ramensky.pl\/en\/wp-json\/wp\/v2\/product"}],"about":[{"href":"https:\/\/ramensky.pl\/en\/wp-json\/wp\/v2\/types\/product"}],"replies":[{"embeddable":true,"href":"https:\/\/ramensky.pl\/en\/wp-json\/wp\/v2\/comments?post=64"}],"wp:featuredmedia":[{"embeddable":true,"href":"https:\/\/ramensky.pl\/en\/wp-json\/wp\/v2\/media\/292"}],"wp:attachment":[{"href":"https:\/\/ramensky.pl\/en\/wp-json\/wp\/v2\/media?parent=64"}],"wp:term":[{"taxonomy":"product_brand","embeddable":true,"href":"https:\/\/ramensky.pl\/en\/wp-json\/wp\/v2\/product_brand?post=64"},{"taxonomy":"product_cat","embeddable":true,"href":"https:\/\/ramensky.pl\/en\/wp-json\/wp\/v2\/product_cat?post=64"},{"taxonomy":"product_tag","embeddable":true,"href":"https:\/\/ramensky.pl\/en\/wp-json\/wp\/v2\/product_tag?post=64"}],"curies":[{"name":"wp","href":"https:\/\/api.w.org\/{rel}","templated":true}]}}