{"id":182,"date":"2024-08-31T23:21:00","date_gmt":"2024-08-31T23:21:00","guid":{"rendered":"http:\/\/ramensky.dzudzylo.cx.ua\/?page_id=182"},"modified":"2024-10-07T00:05:05","modified_gmt":"2024-10-06T22:05:05","slug":"terms-and-conditions","status":"publish","type":"page","link":"https:\/\/ramensky.pl\/en\/terms-and-conditions\/","title":{"rendered":"Regulamin sklepu internetowego ramensky.pl"},"content":{"rendered":"<p><strong>\u00a71 Postanowienia og\u00f3lne<\/strong><\/p>\n<p>Niniejszy Regulamin sklepu internetowego <strong>ramensky.pl<\/strong> (dalej: Regulamin) okre\u015bla warunki korzystania ze sklepu internetowego <strong>ramensky.pl<\/strong>, za\u0142o\u017cenie Konta U\u017cytkownika, dokonywanie zakup\u00f3w, dostarczanie zam\u00f3wionych produkt\u00f3w Kupuj\u0105cemu, p\u0142atno\u015b\u0107 za produkty, a tak\u017ce prawa i obowi\u0105zki Sprzedawcy oraz U\u017cytkownika, odpowiedzialno\u015b\u0107 Sprzedawcy oraz zasady sk\u0142adania reklamacji.<\/p>\n<p>Operatorem serwisu oraz w\u0142a\u015bcicielem sklepu internetowego jest <strong>RAMENSKY DOBIERSKI SP\u00d3\u0141KA JAWNA<\/strong>, ul. Nowa 1, 00-000 Warszawa, NIP: 1234567890 (dalej: Sprzedawca).<\/p>\n<p>Ka\u017cdy U\u017cytkownik przed skorzystaniem ze sklepu internetowego zobowi\u0105zany jest zapozna\u0107 si\u0119 z niniejszym Regulaminem, kt\u00f3ry dost\u0119pny jest na stronie <strong>ramensky.pl<\/strong> oraz w siedzibie Sprzedawcy.<\/p>\n<p>Od chwili rozpocz\u0119cia korzystania ze sklepu internetowego i zaakceptowania warunk\u00f3w niniejszego Regulaminu U\u017cytkownik zobowi\u0105zany jest do przestrzegania jego postanowie\u0144.<\/p>\n<p>Z chwil\u0105 zarejestrowania Konta U\u017cytkownika nast\u0119puje zawarcie umowy o \u015bwiadczenie us\u0142ug drog\u0105 elektroniczn\u0105 pomi\u0119dzy Sprzedawc\u0105 a U\u017cytkownikiem, w zakresie korzystania ze sklepu internetowego.<\/p>\n<hr \/>\n<p><strong>\u00a72 Definicje<\/strong><\/p>\n<p><strong>Dni robocze<\/strong> \u2013 dni tygodnia od poniedzia\u0142ku do pi\u0105tku z wy\u0142\u0105czeniem dni ustawowo wolnych od pracy.<\/p>\n<p><strong>Dostawa<\/strong> \u2013 czynno\u015b\u0107 faktyczna polegaj\u0105ca na dostarczeniu towar\u00f3w okre\u015blonych w zam\u00f3wieniu zgodnie z wybran\u0105 przez Kupuj\u0105cego form\u0105.<\/p>\n<p><strong>Has\u0142o<\/strong> \u2013 ci\u0105g znak\u00f3w alfanumerycznych konieczny do autoryzacji Konta U\u017cytkownika.<\/p>\n<p><strong>Kupuj\u0105cy<\/strong> \u2013 U\u017cytkownik sk\u0142adaj\u0105cy zam\u00f3wienie na produkty w sklepie internetowym.<\/p>\n<p><strong>Konto U\u017cytkownika<\/strong> \u2013 indywidualne konto U\u017cytkownika w sklepie internetowym umo\u017cliwiaj\u0105ce sk\u0142adanie zam\u00f3wie\u0144 i \u015bledzenie ich realizacji.<\/p>\n<p><strong>Produkt<\/strong> \u2013 rzecz lub us\u0142uga oferowana w sklepie internetowym.<\/p>\n<p><strong>Regulamin<\/strong> \u2013 niniejszy regulamin sklepu internetowego <strong>ramensky.pl<\/strong>.<\/p>\n<p><strong>Sklep internetowy<\/strong> \u2013 sklep internetowy prowadzony przez Sprzedawc\u0119 pod adresem <strong>ramensky.pl<\/strong>.<\/p>\n<p><strong>Umowa sprzeda\u017cy<\/strong> \u2013 umowa zawierana za po\u015brednictwem sklepu internetowego pomi\u0119dzy Kupuj\u0105cym a Sprzedawc\u0105.<\/p>\n<hr \/>\n<p><strong>\u00a73 Wymagania techniczne<\/strong><\/p>\n<p>Korzystanie z funkcjonalno\u015bci sklepu internetowego <strong>ramensky.pl<\/strong> wymaga dost\u0119pu do urz\u0105dzenia z dost\u0119pem do Internetu oraz przegl\u0105dark\u0105 internetow\u0105. Sk\u0142adanie zam\u00f3wie\u0144 mo\u017cliwe jest po rejestracji Konta U\u017cytkownika lub bez rejestracji, poprzez podanie danych niezb\u0119dnych do realizacji zam\u00f3wienia.<\/p>\n<hr \/>\n<p><strong>\u00a74 Rejestracja Konta i warunki \u015bwiadczenia us\u0142ug<\/strong><\/p>\n<p>Rejestracja konta umo\u017cliwia U\u017cytkownikowi \u015bledzenie zam\u00f3wie\u0144, dokonywanie p\u0142atno\u015bci oraz korzystanie z dodatkowych funkcji sklepu. Rejestracja jest bezp\u0142atna i dost\u0119pna dla os\u00f3b, kt\u00f3re uko\u0144czy\u0142y 16 lat.<\/p>\n<hr \/>\n<p><strong>\u00a75 Zakupy<\/strong><\/p>\n<p>Stronami umowy sprzeda\u017cy s\u0105 Sprzedawca oraz Kupuj\u0105cy. Kupuj\u0105cy dokonuje wyboru produkt\u00f3w poprzez dodanie ich do koszyka. Umowa sprzeda\u017cy zostaje zawarta w chwili potwierdzenia zam\u00f3wienia przez Sprzedawc\u0119.<\/p>\n<hr \/>\n<p><strong>\u00a76 P\u0142atno\u015b\u0107<\/strong><\/p>\n<p>Kupuj\u0105cy dokonuje p\u0142atno\u015bci za po\u015brednictwem metod elektronicznych udost\u0119pnionych przez Sprzedawc\u0119. Zam\u00f3wienie zostaje anulowane w przypadku braku p\u0142atno\u015bci w ci\u0105gu 7 dni.<\/p>\n<hr \/>\n<p><strong>\u00a77 Dostawa produkt\u00f3w<\/strong><\/p>\n<p>Dostawa odbywa si\u0119 na adres podany przez Kupuj\u0105cego. Czas realizacji zam\u00f3wienia wynosi do 10 dni roboczych. Dostawy s\u0105 realizowane na terenie Polski.<\/p>\n<hr \/>\n<p><strong>\u00a78 Informacje marketingowe (Newsletter)<\/strong><\/p>\n<p>Sprzedawca mo\u017ce przesy\u0142a\u0107 informacje marketingowe na podany przez U\u017cytkownika adres e-mail po wyra\u017ceniu przez niego zgody. U\u017cytkownik mo\u017ce w dowolnym momencie zrezygnowa\u0107 z otrzymywania Newslettera.<\/p>\n<hr \/>\n<p><strong>\u00a79 Dane osobowe<\/strong><\/p>\n<p>Sprzedawca przetwarza dane osobowe zgodnie z obowi\u0105zuj\u0105cym prawem, w tym RODO. U\u017cytkownik ma prawo dost\u0119pu do swoich danych, ich edycji oraz usuni\u0119cia.<\/p>\n<hr \/>\n<p><strong>\u00a710 Reklamacje<\/strong><\/p>\n<p>Kupuj\u0105cy mo\u017ce sk\u0142ada\u0107 reklamacje drog\u0105 elektroniczn\u0105 lub pisemn\u0105. Reklamacje b\u0119d\u0105 rozpatrywane w terminie do 14 dni od ich otrzymania przez Sprzedawc\u0119.<\/p>\n<hr \/>\n<p><strong>\u00a711 Odst\u0105pienie od umowy<\/strong><\/p>\n<p>Kupuj\u0105cy b\u0119d\u0105cy konsumentem ma prawo odst\u0105pi\u0107 od umowy w ci\u0105gu 14 dni od otrzymania produktu, bez podania przyczyny.<\/p>\n<hr \/>\n<p><strong>\u00a712 Postanowienia ko\u0144cowe<\/strong><\/p>\n<p>Sprzedawca zastrzega sobie prawo do zmiany regulaminu. Wszelkie zmiany b\u0119d\u0105 komunikowane U\u017cytkownikom z odpowiednim wyprzedzeniem. Prawem w\u0142a\u015bciwym dla um\u00f3w sprzeda\u017cy jest prawo polskie.<\/p>\n<p>Data wej\u015bcia w \u017cycie regulaminu: 06.10.2024 r.<\/p>","protected":false},"excerpt":{"rendered":"<p>\u00a71 Postanowienia og\u00f3lne Niniejszy Regulamin sklepu internetowego ramensky.pl (dalej: Regulamin) okre\u015bla warunki korzystania ze sklepu internetowego ramensky.pl, za\u0142o\u017cenie Konta U\u017cytkownika, dokonywanie zakup\u00f3w, dostarczanie zam\u00f3wionych produkt\u00f3w Kupuj\u0105cemu, p\u0142atno\u015b\u0107 za produkty, a tak\u017ce prawa i obowi\u0105zki Sprzedawcy oraz U\u017cytkownika, odpowiedzialno\u015b\u0107 Sprzedawcy oraz zasady sk\u0142adania reklamacji. Operatorem serwisu oraz w\u0142a\u015bcicielem sklepu internetowego jest RAMENSKY DOBIERSKI SP\u00d3\u0141KA JAWNA, ul. [&hellip;]<\/p>","protected":false},"author":1,"featured_media":0,"parent":0,"menu_order":0,"comment_status":"closed","ping_status":"closed","template":"","meta":{"_acf_changed":false,"footnotes":""},"class_list":["post-182","page","type-page","status-publish","hentry"],"acf":[],"yoast_head":"<!-- This site is optimized with the Yoast SEO plugin v25.5 - https:\/\/yoast.com\/wordpress\/plugins\/seo\/ -->\n<title>Regulamin sklepu internetowego ramensky.pl - Ramensky Noodle<\/title>\n<meta name=\"robots\" content=\"index, follow, max-snippet:-1, max-image-preview:large, max-video-preview:-1\" \/>\n<link rel=\"canonical\" href=\"https:\/\/ramensky.pl\/en\/terms-and-conditions\/\" \/>\n<meta property=\"og:locale\" content=\"en_US\" \/>\n<meta property=\"og:type\" content=\"article\" \/>\n<meta property=\"og:title\" content=\"Regulamin sklepu internetowego ramensky.pl - Ramensky Noodle\" \/>\n<meta property=\"og:description\" content=\"\u00a71 Postanowienia og\u00f3lne Niniejszy Regulamin sklepu internetowego ramensky.pl (dalej: Regulamin) okre\u015bla warunki korzystania ze sklepu internetowego ramensky.pl, za\u0142o\u017cenie Konta U\u017cytkownika, dokonywanie zakup\u00f3w, dostarczanie zam\u00f3wionych produkt\u00f3w Kupuj\u0105cemu, p\u0142atno\u015b\u0107 za produkty, a tak\u017ce prawa i obowi\u0105zki Sprzedawcy oraz U\u017cytkownika, odpowiedzialno\u015b\u0107 Sprzedawcy oraz zasady sk\u0142adania reklamacji. Operatorem serwisu oraz w\u0142a\u015bcicielem sklepu internetowego jest RAMENSKY DOBIERSKI SP\u00d3\u0141KA JAWNA, ul. [&hellip;]\" \/>\n<meta property=\"og:url\" content=\"https:\/\/ramensky.pl\/en\/terms-and-conditions\/\" \/>\n<meta property=\"og:site_name\" content=\"Ramensky Noodle\" \/>\n<meta property=\"article:modified_time\" content=\"2024-10-06T22:05:05+00:00\" \/>\n<meta name=\"twitter:card\" content=\"summary_large_image\" \/>\n<meta name=\"twitter:label1\" content=\"Est. reading time\" \/>\n\t<meta name=\"twitter:data1\" content=\"4 minutes\" \/>\n<script type=\"application\/ld+json\" class=\"yoast-schema-graph\">{\"@context\":\"https:\/\/schema.org\",\"@graph\":[{\"@type\":\"WebPage\",\"@id\":\"https:\/\/ramensky.pl\/terms-and-conditions\/\",\"url\":\"https:\/\/ramensky.pl\/terms-and-conditions\/\",\"name\":\"Regulamin sklepu internetowego ramensky.pl - Ramensky Noodle\",\"isPartOf\":{\"@id\":\"http:\/\/ramensky.pl\/#website\"},\"datePublished\":\"2024-08-31T23:21:00+00:00\",\"dateModified\":\"2024-10-06T22:05:05+00:00\",\"breadcrumb\":{\"@id\":\"https:\/\/ramensky.pl\/terms-and-conditions\/#breadcrumb\"},\"inLanguage\":\"en-US\",\"potentialAction\":[{\"@type\":\"ReadAction\",\"target\":[\"https:\/\/ramensky.pl\/terms-and-conditions\/\"]}]},{\"@type\":\"BreadcrumbList\",\"@id\":\"https:\/\/ramensky.pl\/terms-and-conditions\/#breadcrumb\",\"itemListElement\":[{\"@type\":\"ListItem\",\"position\":1,\"name\":\"Strona g\u0142\u00f3wna\",\"item\":\"http:\/\/ramensky.pl\/\"},{\"@type\":\"ListItem\",\"position\":2,\"name\":\"Regulamin sklepu internetowego ramensky.pl\"}]},{\"@type\":\"WebSite\",\"@id\":\"http:\/\/ramensky.pl\/#website\",\"url\":\"http:\/\/ramensky.pl\/\",\"name\":\"Ramensky Noodle\",\"description\":\"Robimy makaron ramen i nie tylko\",\"potentialAction\":[{\"@type\":\"SearchAction\",\"target\":{\"@type\":\"EntryPoint\",\"urlTemplate\":\"http:\/\/ramensky.pl\/?s={search_term_string}\"},\"query-input\":{\"@type\":\"PropertyValueSpecification\",\"valueRequired\":true,\"valueName\":\"search_term_string\"}}],\"inLanguage\":\"en-US\"}]}<\/script>\n<!-- \/ Yoast SEO plugin. -->","yoast_head_json":{"title":"Regulamin sklepu internetowego ramensky.pl - Ramensky Noodle","robots":{"index":"index","follow":"follow","max-snippet":"max-snippet:-1","max-image-preview":"max-image-preview:large","max-video-preview":"max-video-preview:-1"},"canonical":"https:\/\/ramensky.pl\/en\/terms-and-conditions\/","og_locale":"en_US","og_type":"article","og_title":"Regulamin sklepu internetowego ramensky.pl - Ramensky Noodle","og_description":"\u00a71 Postanowienia og\u00f3lne Niniejszy Regulamin sklepu internetowego ramensky.pl (dalej: Regulamin) okre\u015bla warunki korzystania ze sklepu internetowego ramensky.pl, za\u0142o\u017cenie Konta U\u017cytkownika, dokonywanie zakup\u00f3w, dostarczanie zam\u00f3wionych produkt\u00f3w Kupuj\u0105cemu, p\u0142atno\u015b\u0107 za produkty, a tak\u017ce prawa i obowi\u0105zki Sprzedawcy oraz U\u017cytkownika, odpowiedzialno\u015b\u0107 Sprzedawcy oraz zasady sk\u0142adania reklamacji. Operatorem serwisu oraz w\u0142a\u015bcicielem sklepu internetowego jest RAMENSKY DOBIERSKI SP\u00d3\u0141KA JAWNA, ul. [&hellip;]","og_url":"https:\/\/ramensky.pl\/en\/terms-and-conditions\/","og_site_name":"Ramensky Noodle","article_modified_time":"2024-10-06T22:05:05+00:00","twitter_card":"summary_large_image","twitter_misc":{"Est. reading time":"4 minutes"},"schema":{"@context":"https:\/\/schema.org","@graph":[{"@type":"WebPage","@id":"https:\/\/ramensky.pl\/terms-and-conditions\/","url":"https:\/\/ramensky.pl\/terms-and-conditions\/","name":"Regulamin sklepu internetowego ramensky.pl - Ramensky Noodle","isPartOf":{"@id":"http:\/\/ramensky.pl\/#website"},"datePublished":"2024-08-31T23:21:00+00:00","dateModified":"2024-10-06T22:05:05+00:00","breadcrumb":{"@id":"https:\/\/ramensky.pl\/terms-and-conditions\/#breadcrumb"},"inLanguage":"en-US","potentialAction":[{"@type":"ReadAction","target":["https:\/\/ramensky.pl\/terms-and-conditions\/"]}]},{"@type":"BreadcrumbList","@id":"https:\/\/ramensky.pl\/terms-and-conditions\/#breadcrumb","itemListElement":[{"@type":"ListItem","position":1,"name":"Strona g\u0142\u00f3wna","item":"http:\/\/ramensky.pl\/"},{"@type":"ListItem","position":2,"name":"Regulamin sklepu internetowego ramensky.pl"}]},{"@type":"WebSite","@id":"http:\/\/ramensky.pl\/#website","url":"http:\/\/ramensky.pl\/","name":"Ramensky Noodle","description":"Robimy makaron ramen i nie tylko","potentialAction":[{"@type":"SearchAction","target":{"@type":"EntryPoint","urlTemplate":"http:\/\/ramensky.pl\/?s={search_term_string}"},"query-input":{"@type":"PropertyValueSpecification","valueRequired":true,"valueName":"search_term_string"}}],"inLanguage":"en-US"}]}},"jetpack_sharing_enabled":true,"_links":{"self":[{"href":"https:\/\/ramensky.pl\/en\/wp-json\/wp\/v2\/pages\/182","targetHints":{"allow":["GET"]}}],"collection":[{"href":"https:\/\/ramensky.pl\/en\/wp-json\/wp\/v2\/pages"}],"about":[{"href":"https:\/\/ramensky.pl\/en\/wp-json\/wp\/v2\/types\/page"}],"author":[{"embeddable":true,"href":"https:\/\/ramensky.pl\/en\/wp-json\/wp\/v2\/users\/1"}],"replies":[{"embeddable":true,"href":"https:\/\/ramensky.pl\/en\/wp-json\/wp\/v2\/comments?post=182"}],"version-history":[{"count":0,"href":"https:\/\/ramensky.pl\/en\/wp-json\/wp\/v2\/pages\/182\/revisions"}],"wp:attachment":[{"href":"https:\/\/ramensky.pl\/en\/wp-json\/wp\/v2\/media?parent=182"}],"curies":[{"name":"wp","href":"https:\/\/api.w.org\/{rel}","templated":true}]}}